{"id":102,"date":"2015-05-20T12:42:39","date_gmt":"2015-05-20T10:42:39","guid":{"rendered":"http:\/\/visavis-baden.ch\/wp\/?page_id=102"},"modified":"2020-12-18T18:15:04","modified_gmt":"2020-12-18T17:15:04","slug":"krisenberatung","status":"publish","type":"page","link":"https:\/\/visavis-baden.ch\/index.php\/angebot\/krisenberatung\/","title":{"rendered":"Krisenberatung"},"content":{"rendered":"<p>Alle Menschen erleben Krisen: Momente, in denen sie nicht mehr weiter wissen, schwierige Entscheidungen zu treffen sind oder die bisherigen L\u00f6sungsm\u00f6glichkeiten nicht mehr ausreichen.<\/p>\n<p>Solche Krisen bahnen sich \u00fcber l\u00e4ngere Zeit an oder werden durch einschneidende Ereignisse ausgel\u00f6st.<\/p>\n<p>F\u00fcr die Bew\u00e4ltigung stehen Familie und Freunde oft zu nahe oder sind selbst Teil des Konfliktes. Dann kann ein Gespr\u00e4ch mit einer ausgebildeten Fachperson Kl\u00e4rung bringen und neue Wege aufzeigen.<\/p>\n<p>Sie sind bei uns am richtigen Ort, wenn zum Beispiel:<\/p>\n<p>der Tod einer nahe stehenden Person,<br \/>\nein Unfall,<br \/>\ndie Trennung vom Partner\/von der Partnerin,<br \/>\nein verbaler, physischer oder sexueller \u00dcbergriff<\/p>\n<p>Sie aus der Bahn geworfen hat,<\/p>\n<p>wenn Sie:<br \/>\nverzweifelt sind,<br \/>\nnicht mehr schlafen k\u00f6nnen,<br \/>\nAlptr\u00e4ume haben,<br \/>\nSchwierigkeiten haben, n\u00f6tige Entscheidungen zu treffen,<br \/>\nkaum noch Ihren Alltag bew\u00e4ltigen,<br \/>\nunter \u00c4ngsten leiden usw.<\/p>\n","protected":false},"excerpt":{"rendered":"<p>Alle Menschen erleben Krisen: Momente, in denen sie nicht mehr weiter wissen, schwierige Entscheidungen zu treffen sind oder die bisherigen L\u00f6sungsm\u00f6glichkeiten nicht mehr ausreichen. Solche Krisen bahnen sich \u00fcber l\u00e4ngere Zeit an oder werden durch einschneidende Ereignisse ausgel\u00f6st. F\u00fcr die Bew\u00e4ltigung stehen Familie und Freunde oft zu nahe oder sind selbst Teil des Konfliktes. Dann &hellip; <a href=\"https:\/\/visavis-baden.ch\/index.php\/angebot\/krisenberatung\/\" class=\"more-link\"><span class=\"screen-reader-text\">Krisenberatung<\/span> weiterlesen <span class=\"meta-nav\">&rarr;<\/span><\/a><\/p>\n","protected":false},"author":1,"featured_media":0,"parent":10,"menu_order":0,"comment_status":"closed","ping_status":"closed","template":"","meta":{"footnotes":""},"class_list":["post-102","page","type-page","status-publish","hentry"],"_links":{"self":[{"href":"https:\/\/visavis-baden.ch\/index.php\/wp-json\/wp\/v2\/pages\/102","targetHints":{"allow":["GET"]}}],"collection":[{"href":"https:\/\/visavis-baden.ch\/index.php\/wp-json\/wp\/v2\/pages"}],"about":[{"href":"https:\/\/visavis-baden.ch\/index.php\/wp-json\/wp\/v2\/types\/page"}],"author":[{"embeddable":true,"href":"https:\/\/visavis-baden.ch\/index.php\/wp-json\/wp\/v2\/users\/1"}],"replies":[{"embeddable":true,"href":"https:\/\/visavis-baden.ch\/index.php\/wp-json\/wp\/v2\/comments?post=102"}],"version-history":[{"count":6,"href":"https:\/\/visavis-baden.ch\/index.php\/wp-json\/wp\/v2\/pages\/102\/revisions"}],"predecessor-version":[{"id":753,"href":"https:\/\/visavis-baden.ch\/index.php\/wp-json\/wp\/v2\/pages\/102\/revisions\/753"}],"up":[{"embeddable":true,"href":"https:\/\/visavis-baden.ch\/index.php\/wp-json\/wp\/v2\/pages\/10"}],"wp:attachment":[{"href":"https:\/\/visavis-baden.ch\/index.php\/wp-json\/wp\/v2\/media?parent=102"}],"curies":[{"name":"wp","href":"https:\/\/api.w.org\/{rel}","templated":true}]}}