{"id":118,"date":"2015-05-20T13:10:00","date_gmt":"2015-05-20T11:10:00","guid":{"rendered":"http:\/\/visavis-baden.ch\/wp\/?page_id=118"},"modified":"2015-09-16T11:14:51","modified_gmt":"2015-09-16T09:14:51","slug":"coaching","status":"publish","type":"page","link":"https:\/\/visavis-baden.ch\/index.php\/angebot\/coaching\/","title":{"rendered":"Coaching"},"content":{"rendered":"<p>Unter Coaching versteht man eine Begleitung der beruflichen Arbeit \u00fcber eine gewisse Zeit. Dies empfiehlt sich bei \u00dcbernahme von F\u00fchrungsaufgaben, neuen Projekten, Umstrukturierungen. Es dient dazu, die eigenen Kompetenzen zu erweitern, Entscheidungen zu reflektieren, und gr\u00f6ssere Sicherheit zu erlangen im Umgang mit Mitarbeitenden und Vorgesetzten.<\/p>\n","protected":false},"excerpt":{"rendered":"<p>Unter Coaching versteht man eine Begleitung der beruflichen Arbeit \u00fcber eine gewisse Zeit. Dies empfiehlt sich bei \u00dcbernahme von F\u00fchrungsaufgaben, neuen Projekten, Umstrukturierungen. Es dient dazu, die eigenen Kompetenzen zu erweitern, Entscheidungen zu reflektieren, und gr\u00f6ssere Sicherheit zu erlangen im Umgang mit Mitarbeitenden und Vorgesetzten.<\/p>\n","protected":false},"author":1,"featured_media":0,"parent":10,"menu_order":0,"comment_status":"closed","ping_status":"closed","template":"","meta":{"footnotes":""},"class_list":["post-118","page","type-page","status-publish","hentry"],"_links":{"self":[{"href":"https:\/\/visavis-baden.ch\/index.php\/wp-json\/wp\/v2\/pages\/118","targetHints":{"allow":["GET"]}}],"collection":[{"href":"https:\/\/visavis-baden.ch\/index.php\/wp-json\/wp\/v2\/pages"}],"about":[{"href":"https:\/\/visavis-baden.ch\/index.php\/wp-json\/wp\/v2\/types\/page"}],"author":[{"embeddable":true,"href":"https:\/\/visavis-baden.ch\/index.php\/wp-json\/wp\/v2\/users\/1"}],"replies":[{"embeddable":true,"href":"https:\/\/visavis-baden.ch\/index.php\/wp-json\/wp\/v2\/comments?post=118"}],"version-history":[{"count":1,"href":"https:\/\/visavis-baden.ch\/index.php\/wp-json\/wp\/v2\/pages\/118\/revisions"}],"predecessor-version":[{"id":119,"href":"https:\/\/visavis-baden.ch\/index.php\/wp-json\/wp\/v2\/pages\/118\/revisions\/119"}],"up":[{"embeddable":true,"href":"https:\/\/visavis-baden.ch\/index.php\/wp-json\/wp\/v2\/pages\/10"}],"wp:attachment":[{"href":"https:\/\/visavis-baden.ch\/index.php\/wp-json\/wp\/v2\/media?parent=118"}],"curies":[{"name":"wp","href":"https:\/\/api.w.org\/{rel}","templated":true}]}}