{"id":184,"date":"2015-06-10T11:05:18","date_gmt":"2015-06-10T09:05:18","guid":{"rendered":"http:\/\/visavis-baden.ch\/wp\/?page_id=184"},"modified":"2015-06-17T10:39:28","modified_gmt":"2015-06-17T08:39:28","slug":"mediation","status":"publish","type":"page","link":"https:\/\/visavis-baden.ch\/index.php\/angebot\/mediation\/","title":{"rendered":"Mediation"},"content":{"rendered":"<p>Mediation bedeutet Vermittlung. Viele Konfllikte im Alltag, in der Familie, unter Nachbarn,\u00a0 Kollegen, zwischen Eltern und Lehrpersonen, etc. k\u00f6nnten in einem fr\u00fchen Stadium durch Mediation gel\u00f6st werden. Dies verhindert jahrelange, nervenaufreibende Streitereien, Kosten f\u00fcr Anw\u00e4lte und Gerichte.<\/p>\n<p>Durch Mediation gel\u00f6ste Konflikte hinterlassen keine Verlierer, da nur L\u00f6sungen akzeptiert werden, denen alle Beteiligten zustimmen. Dadurch ist auch das weitere Zusammenleben wieder m\u00f6glich.<\/p>\n<h2>Trennungs- \/ Scheidungsmediation<\/h2>\n<p>Diese besondere Mediation verhilft Partnern, auch beim Auseinandergehen, einvernehmliche L\u00f6sungen f\u00fcr die anstehenden Probleme zu finden. In vielen F\u00e4llen ersetzen sie den Anwalt, da mit Hilfe einer Mediatorin alle n\u00f6tigen Regelungen in Eigenverantwortung getroffen werden k\u00f6nnen. Die Mediatorin sorgt daf\u00fcr, dass dabei nichts vergessen wird, und dass diese Regelungen in einer gerichtstauglichen Form festgehalten werden.<\/p>\n<p>Das Ziel der Mediation ist es, eine lebenswerte Zukunft zu erm\u00f6glichen und nicht bei den Verletzungen und Schuldfragen der Vergangenheit stecken zu bleiben. Wenn Kinder beteiligt sind, k\u00f6nnen diese einbezogen werde. Sie profitieren in jedem Fall davon, wenn sich die Eltern einigen k\u00f6nnen und sie dadurch weniger in Loyalit\u00e4tskonflikte verstrickt werden.<\/p>\n","protected":false},"excerpt":{"rendered":"<p>Mediation bedeutet Vermittlung. Viele Konfllikte im Alltag, in der Familie, unter Nachbarn,\u00a0 Kollegen, zwischen Eltern und Lehrpersonen, etc. k\u00f6nnten in einem fr\u00fchen Stadium durch Mediation gel\u00f6st werden. Dies verhindert jahrelange, nervenaufreibende Streitereien, Kosten f\u00fcr Anw\u00e4lte und Gerichte. Durch Mediation gel\u00f6ste Konflikte hinterlassen keine Verlierer, da nur L\u00f6sungen akzeptiert werden, denen alle Beteiligten zustimmen. Dadurch ist &hellip; <a href=\"https:\/\/visavis-baden.ch\/index.php\/angebot\/mediation\/\" class=\"more-link\"><span class=\"screen-reader-text\">Mediation<\/span> weiterlesen <span class=\"meta-nav\">&rarr;<\/span><\/a><\/p>\n","protected":false},"author":1,"featured_media":0,"parent":10,"menu_order":0,"comment_status":"closed","ping_status":"closed","template":"","meta":{"footnotes":""},"class_list":["post-184","page","type-page","status-publish","hentry"],"_links":{"self":[{"href":"https:\/\/visavis-baden.ch\/index.php\/wp-json\/wp\/v2\/pages\/184","targetHints":{"allow":["GET"]}}],"collection":[{"href":"https:\/\/visavis-baden.ch\/index.php\/wp-json\/wp\/v2\/pages"}],"about":[{"href":"https:\/\/visavis-baden.ch\/index.php\/wp-json\/wp\/v2\/types\/page"}],"author":[{"embeddable":true,"href":"https:\/\/visavis-baden.ch\/index.php\/wp-json\/wp\/v2\/users\/1"}],"replies":[{"embeddable":true,"href":"https:\/\/visavis-baden.ch\/index.php\/wp-json\/wp\/v2\/comments?post=184"}],"version-history":[{"count":4,"href":"https:\/\/visavis-baden.ch\/index.php\/wp-json\/wp\/v2\/pages\/184\/revisions"}],"predecessor-version":[{"id":219,"href":"https:\/\/visavis-baden.ch\/index.php\/wp-json\/wp\/v2\/pages\/184\/revisions\/219"}],"up":[{"embeddable":true,"href":"https:\/\/visavis-baden.ch\/index.php\/wp-json\/wp\/v2\/pages\/10"}],"wp:attachment":[{"href":"https:\/\/visavis-baden.ch\/index.php\/wp-json\/wp\/v2\/media?parent=184"}],"curies":[{"name":"wp","href":"https:\/\/api.w.org\/{rel}","templated":true}]}}