{"id":2,"date":"2015-04-16T14:09:38","date_gmt":"2015-04-16T14:09:38","guid":{"rendered":"http:\/\/visavis-baden.ch\/wp\/?page_id=2"},"modified":"2023-10-26T10:42:09","modified_gmt":"2023-10-26T08:42:09","slug":"vis-a-vis-2","status":"publish","type":"page","link":"https:\/\/visavis-baden.ch\/","title":{"rendered":"Psychologische Krisenberatung und Psychotherapie"},"content":{"rendered":"<ul>\n<li>Suchen Sie <a href=\"http:\/\/visavis-baden.ch\/index.php\/angebot\/krisenberatung\">eine Fachperson, die Ihnen hilft, in einer akuten Krise mit sich und der Situation zurechtzukommen?<\/a><\/li>\n<li>Sind Sie <a href=\"http:\/\/visavis-baden.ch\/index.php\/angebot\/psychotherapie\">belastet durch ein psychisches oder psychosomatisches Leiden und brauchen eine Fachperson, die Sie unterst\u00fctzt?<\/a><\/li>\n<li>Suchen Sie ein <a href=\"http:\/\/visavis-baden.ch\/index.php\/angebot\/psychologische-beratung\">offenes Ohr, eine kritische Stimme, eine neue Sichtweise?<\/a><\/li>\n<li>M\u00f6chten Sie <a href=\"http:\/\/visavis-baden.ch\/index.php\/angebot\/coaching\">sich in Ihrer beruflichen T\u00e4tigkeit begleiten lassen? Brauchen Sie einen neutralen Coach, um Ihre F\u00fchrungsaufgaben zu reflektieren?<\/a><\/li>\n<li>M\u00f6chten Sie <a href=\"http:\/\/visavis-baden.ch\/index.php\/angebot\/supervision\">als Arbeitsteam die Zusammenarbeit optimieren oder gemeinsam Ihre Arbeit besprechen?<\/a><\/li>\n<li>Leben Sie <a href=\"http:\/\/visavis-baden.ch\/index.php\/angebot\/mediation\">mit Konflikten in der Familie, unter Nachbarn, KollegInnen, und m\u00f6chten Sie gemeinsam f\u00fcr alle Beteiligten faire L\u00f6sungen finden?<\/a><\/li>\n<li>Denken Sie daran <a href=\"http:\/\/visavis-baden.ch\/index.php\/angebot\/mediation\">sich aus Ihrer Partnerschaft durch Trennung oder Scheidung zu l\u00f6sen und suchen Sie nach einer neutralen Fachperson, die Sie als Paar auf diesem Weg begleitet?<\/a><\/li>\n<li><a href=\"http:\/\/visavis-baden.ch\/index.php\/angebot\/counselling-and-psychotherapy-in-english\">Are you looking for an English-speaking psychologist<\/a> who will support you in handling a difficult situation, in making a challenging decision or in coping with a personal crisis?<\/li>\n<\/ul>\n","protected":false},"excerpt":{"rendered":"<p>Suchen Sie eine Fachperson, die Ihnen hilft, in einer akuten Krise mit sich und der Situation zurechtzukommen? Sind Sie belastet durch ein psychisches oder psychosomatisches Leiden und brauchen eine Fachperson, die Sie unterst\u00fctzt? Suchen Sie ein offenes Ohr, eine kritische Stimme, eine neue Sichtweise? M\u00f6chten Sie sich in Ihrer beruflichen T\u00e4tigkeit begleiten lassen? Brauchen Sie &hellip; <a href=\"https:\/\/visavis-baden.ch\/\" class=\"more-link\"><span class=\"screen-reader-text\">Psychologische Krisenberatung und Psychotherapie<\/span> weiterlesen <span class=\"meta-nav\">&rarr;<\/span><\/a><\/p>\n","protected":false},"author":1,"featured_media":0,"parent":0,"menu_order":0,"comment_status":"closed","ping_status":"closed","template":"","meta":{"footnotes":""},"class_list":["post-2","page","type-page","status-publish","hentry"],"_links":{"self":[{"href":"https:\/\/visavis-baden.ch\/index.php\/wp-json\/wp\/v2\/pages\/2","targetHints":{"allow":["GET"]}}],"collection":[{"href":"https:\/\/visavis-baden.ch\/index.php\/wp-json\/wp\/v2\/pages"}],"about":[{"href":"https:\/\/visavis-baden.ch\/index.php\/wp-json\/wp\/v2\/types\/page"}],"author":[{"embeddable":true,"href":"https:\/\/visavis-baden.ch\/index.php\/wp-json\/wp\/v2\/users\/1"}],"replies":[{"embeddable":true,"href":"https:\/\/visavis-baden.ch\/index.php\/wp-json\/wp\/v2\/comments?post=2"}],"version-history":[{"count":24,"href":"https:\/\/visavis-baden.ch\/index.php\/wp-json\/wp\/v2\/pages\/2\/revisions"}],"predecessor-version":[{"id":749,"href":"https:\/\/visavis-baden.ch\/index.php\/wp-json\/wp\/v2\/pages\/2\/revisions\/749"}],"wp:attachment":[{"href":"https:\/\/visavis-baden.ch\/index.php\/wp-json\/wp\/v2\/media?parent=2"}],"curies":[{"name":"wp","href":"https:\/\/api.w.org\/{rel}","templated":true}]}}